{"id":1236,"date":"2023-03-21T09:51:25","date_gmt":"2023-03-21T09:51:25","guid":{"rendered":"https:\/\/skykamas.com\/?post_type=product&#038;p=1236"},"modified":"2023-08-15T16:08:00","modified_gmt":"2023-08-15T16:08:00","slug":"40m-1m-300-mil-3","status":"publish","type":"product","link":"https:\/\/skykamas.com\/index.php\/producto\/40m-1m-300-mil-3\/","title":{"rendered":"40M + 1.3M Kamas"},"content":{"rendered":"<p>Kamas Dofus Touch<br \/>\nServidor Herdegrize<\/p>\n<p>40M + 1.3M Kamas<br \/>\n40M = 40.000.000K<br \/>\n1.3M = 1.300.000K<\/p>\n<p><span class=\"x3nfvp2 x1j61x8r x1fcty0u xdj266r xhhsvwb xat24cr xgzva0m xxymvpz xlup9mm x1kky2od\"><img decoding=\"async\" src=\"https:\/\/static.xx.fbcdn.net\/images\/emoji.php\/v9\/t51\/1\/16\/2714.png\" alt=\"\u2714\ufe0f\" width=\"16\" height=\"16\" \/><\/span>Siempre en Stock, disponibilidad inmediata.<br \/>\n<span class=\"x3nfvp2 x1j61x8r x1fcty0u xdj266r xhhsvwb xat24cr xgzva0m xxymvpz xlup9mm x1kky2od\"><img decoding=\"async\" src=\"https:\/\/static.xx.fbcdn.net\/images\/emoji.php\/v9\/t51\/1\/16\/2714.png\" alt=\"\u2714\ufe0f\" width=\"16\" height=\"16\" \/><\/span>Entregas r\u00e1pidas, as\u00ed podr\u00edas disfrutar r\u00e1pidamente de tus Kamas.<br \/>\n<span class=\"x3nfvp2 x1j61x8r x1fcty0u xdj266r xhhsvwb xat24cr xgzva0m xxymvpz xlup9mm x1kky2od\"><img decoding=\"async\" src=\"https:\/\/static.xx.fbcdn.net\/images\/emoji.php\/v9\/t51\/1\/16\/2714.png\" alt=\"\u2714\ufe0f\" width=\"16\" height=\"16\" \/><\/span>Bajo precio, tenemos el precio m\u00e1s bajo del mercado.<br \/>\n<span class=\"x3nfvp2 x1j61x8r x1fcty0u xdj266r xhhsvwb xat24cr xgzva0m xxymvpz xlup9mm x1kky2od\"><img decoding=\"async\" src=\"https:\/\/static.xx.fbcdn.net\/images\/emoji.php\/v9\/t51\/1\/16\/2714.png\" alt=\"\u2714\ufe0f\" width=\"16\" height=\"16\" \/><\/span> Proveedores y entregas confiables, damos seguridad.<\/p>\n<p>\u00bfC\u00f3mo recibo mis Kamas en Dofus Touch?<br \/>\nDespu\u00e9s de realizar el pedido, nuestro agente se comunicar\u00e1 con usted en el juego o por el chat en l\u00ednea, le indicar\u00e1 el punto de encuentro (coordenadas del mapa del juego) para entregarle sus Kamas.<br \/>\nAseg\u00farate de que puedes recibir mensajes privados en el juego.<\/p>\n","protected":false},"excerpt":{"rendered":"<p>Kamas Dofus Touch<br \/>\nServidor Herdegrize<\/p>\n<p>40M + 1.3M Kamas<br \/>\n40M = 40.000.000K<br \/>\n1.3M = 1.300.000K<\/p>\n<p><span class=\"x3nfvp2 x1j61x8r x1fcty0u xdj266r xhhsvwb xat24cr xgzva0m xxymvpz xlup9mm x1kky2od\"><img decoding=\"async\" src=\"https:\/\/static.xx.fbcdn.net\/images\/emoji.php\/v9\/t51\/1\/16\/2714.png\" alt=\"\u2714\ufe0f\" width=\"16\" height=\"16\" \/><\/span>Siempre en Stock, disponibilidad inmediata.<br \/>\n<span class=\"x3nfvp2 x1j61x8r x1fcty0u xdj266r xhhsvwb xat24cr xgzva0m xxymvpz xlup9mm x1kky2od\"><img decoding=\"async\" src=\"https:\/\/static.xx.fbcdn.net\/images\/emoji.php\/v9\/t51\/1\/16\/2714.png\" alt=\"\u2714\ufe0f\" width=\"16\" height=\"16\" \/><\/span>Entregas r\u00e1pidas, as\u00ed podr\u00edas disfrutar r\u00e1pidamente de tus Kamas.<br \/>\n<span class=\"x3nfvp2 x1j61x8r x1fcty0u xdj266r xhhsvwb xat24cr xgzva0m xxymvpz xlup9mm x1kky2od\"><img decoding=\"async\" src=\"https:\/\/static.xx.fbcdn.net\/images\/emoji.php\/v9\/t51\/1\/16\/2714.png\" alt=\"\u2714\ufe0f\" width=\"16\" height=\"16\" \/><\/span>Bajo precio, tenemos el precio m\u00e1s bajo del mercado.<br \/>\n<span class=\"x3nfvp2 x1j61x8r x1fcty0u xdj266r xhhsvwb xat24cr xgzva0m xxymvpz xlup9mm x1kky2od\"><img decoding=\"async\" src=\"https:\/\/static.xx.fbcdn.net\/images\/emoji.php\/v9\/t51\/1\/16\/2714.png\" alt=\"\u2714\ufe0f\" width=\"16\" height=\"16\" \/><\/span> Proveedores y entregas confiables, damos seguridad.<\/p>\n<p>\u00bfC\u00f3mo recibo mis Kamas en Dofus Touch?<br \/>\nDespu\u00e9s de realizar el pedido, nuestro agente se comunicar\u00e1 con usted en el juego o por el chat en l\u00ednea, le indicar\u00e1 el punto de encuentro (coordenadas del mapa del juego) para entregarle sus Kamas.<br \/>\nAseg\u00farate de que puedes recibir mensajes privados en el juego.<\/p>\n","protected":false},"featured_media":2650,"comment_status":"open","ping_status":"closed","template":"","meta":{"site-sidebar-layout":"default","site-content-layout":"default","ast-site-content-layout":"","site-content-style":"default","site-sidebar-style":"default","ast-global-header-display":"","ast-banner-title-visibility":"","ast-main-header-display":"","ast-hfb-above-header-display":"","ast-hfb-below-header-display":"","ast-hfb-mobile-header-display":"","site-post-title":"","ast-breadcrumbs-content":"","ast-featured-img":"","footer-sml-layout":"","theme-transparent-header-meta":"default","adv-header-id-meta":"","stick-header-meta":"","header-above-stick-meta":"","header-main-stick-meta":"","header-below-stick-meta":"","astra-migrate-meta-layouts":"default","ast-page-background-enabled":"default","ast-page-background-meta":{"desktop":{"background-color":"var(--ast-global-color-4)","background-image":"","background-repeat":"repeat","background-position":"center center","background-size":"auto","background-attachment":"scroll","background-type":"","background-media":"","overlay-type":"","overlay-color":"","overlay-opacity":"","overlay-gradient":""},"tablet":{"background-color":"","background-image":"","background-repeat":"repeat","background-position":"center center","background-size":"auto","background-attachment":"scroll","background-type":"","background-media":"","overlay-type":"","overlay-color":"","overlay-opacity":"","overlay-gradient":""},"mobile":{"background-color":"","background-image":"","background-repeat":"repeat","background-position":"center center","background-size":"auto","background-attachment":"scroll","background-type":"","background-media":"","overlay-type":"","overlay-color":"","overlay-opacity":"","overlay-gradient":""}},"ast-content-background-meta":{"desktop":{"background-color":"var(--ast-global-color-5)","background-image":"","background-repeat":"repeat","background-position":"center center","background-size":"auto","background-attachment":"scroll","background-type":"","background-media":"","overlay-type":"","overlay-color":"","overlay-opacity":"","overlay-gradient":""},"tablet":{"background-color":"var(--ast-global-color-5)","background-image":"","background-repeat":"repeat","background-position":"center center","background-size":"auto","background-attachment":"scroll","background-type":"","background-media":"","overlay-type":"","overlay-color":"","overlay-opacity":"","overlay-gradient":""},"mobile":{"background-color":"var(--ast-global-color-5)","background-image":"","background-repeat":"repeat","background-position":"center center","background-size":"auto","background-attachment":"scroll","background-type":"","background-media":"","overlay-type":"","overlay-color":"","overlay-opacity":"","overlay-gradient":""}}},"product_brand":[],"product_cat":[24,38],"product_tag":[],"class_list":{"0":"post-1236","1":"product","2":"type-product","3":"status-publish","4":"has-post-thumbnail","6":"product_cat-touch","7":"product_cat-servidor-touch-4","8":"desktop-align-left","9":"tablet-align-left","10":"mobile-align-left","12":"first","13":"instock","14":"virtual","15":"purchasable","16":"product-type-simple"},"yoast_head":"<!-- This site is optimized with the Yoast SEO Premium plugin v20.7 (Yoast SEO v25.2) - https:\/\/yoast.com\/wordpress\/plugins\/seo\/ -->\n<title>40M + 1.3M Kamas - Sky Digital Store - Comprar Kamas para Dofus<\/title>\n<meta name=\"robots\" content=\"index, follow, max-snippet:-1, max-image-preview:large, max-video-preview:-1\" \/>\n<link rel=\"canonical\" href=\"https:\/\/skykamas.com\/index.php\/producto\/40m-1m-300-mil-3\/\" \/>\n<meta property=\"og:locale\" content=\"es_ES\" \/>\n<meta property=\"og:type\" content=\"article\" \/>\n<meta property=\"og:title\" content=\"40M + 1.3M Kamas\" \/>\n<meta property=\"og:description\" content=\"Kamas Dofus Touch Servidor Herdegrize  40M + 1.3M Kamas 40M = 40.000.000K 1.3M = 1.300.000K  Siempre en Stock, disponibilidad inmediata. Entregas r\u00e1pidas, as\u00ed podr\u00edas disfrutar r\u00e1pidamente de tus Kamas. Bajo precio, tenemos el precio m\u00e1s bajo del mercado.  Proveedores y entregas confiables, damos seguridad.  \u00bfC\u00f3mo recibo mis Kamas en Dofus Touch? Despu\u00e9s de realizar el pedido, nuestro agente se comunicar\u00e1 con usted en el juego o por el chat en l\u00ednea, le indicar\u00e1 el punto de encuentro (coordenadas del mapa del juego) para entregarle sus Kamas. Aseg\u00farate de que puedes recibir mensajes privados en el juego.\" \/>\n<meta property=\"og:url\" content=\"https:\/\/skykamas.com\/index.php\/producto\/40m-1m-300-mil-3\/\" \/>\n<meta property=\"og:site_name\" content=\"Sky Digital Store - Comprar Kamas para Dofus\" \/>\n<meta property=\"article:publisher\" content=\"https:\/\/www.facebook.com\/SkyKamas\" \/>\n<meta property=\"article:modified_time\" content=\"2023-08-15T16:08:00+00:00\" \/>\n<meta property=\"og:image\" content=\"https:\/\/skykamas.com\/wp-content\/uploads\/2023\/03\/40m-1300mil.webp\" \/>\n\t<meta property=\"og:image:width\" content=\"200\" \/>\n\t<meta property=\"og:image:height\" content=\"300\" \/>\n\t<meta property=\"og:image:type\" content=\"image\/webp\" \/>\n<meta name=\"twitter:card\" content=\"summary_large_image\" \/>\n<meta name=\"twitter:label1\" content=\"Tiempo de lectura\" \/>\n\t<meta name=\"twitter:data1\" content=\"1 minuto\" \/>\n<script type=\"application\/ld+json\" class=\"yoast-schema-graph\">{\"@context\":\"https:\/\/schema.org\",\"@graph\":[{\"@type\":\"WebPage\",\"@id\":\"https:\/\/skykamas.com\/index.php\/producto\/40m-1m-300-mil-3\/\",\"url\":\"https:\/\/skykamas.com\/index.php\/producto\/40m-1m-300-mil-3\/\",\"name\":\"40M + 1.3M Kamas - Sky Digital Store - Comprar Kamas para Dofus\",\"isPartOf\":{\"@id\":\"https:\/\/skykamas.com\/#website\"},\"primaryImageOfPage\":{\"@id\":\"https:\/\/skykamas.com\/index.php\/producto\/40m-1m-300-mil-3\/#primaryimage\"},\"image\":{\"@id\":\"https:\/\/skykamas.com\/index.php\/producto\/40m-1m-300-mil-3\/#primaryimage\"},\"thumbnailUrl\":\"https:\/\/skykamas.com\/wp-content\/uploads\/2023\/03\/40m-1300mil.webp\",\"datePublished\":\"2023-03-21T09:51:25+00:00\",\"dateModified\":\"2023-08-15T16:08:00+00:00\",\"breadcrumb\":{\"@id\":\"https:\/\/skykamas.com\/index.php\/producto\/40m-1m-300-mil-3\/#breadcrumb\"},\"inLanguage\":\"es\",\"potentialAction\":[{\"@type\":\"ReadAction\",\"target\":[\"https:\/\/skykamas.com\/index.php\/producto\/40m-1m-300-mil-3\/\"]}]},{\"@type\":\"ImageObject\",\"inLanguage\":\"es\",\"@id\":\"https:\/\/skykamas.com\/index.php\/producto\/40m-1m-300-mil-3\/#primaryimage\",\"url\":\"https:\/\/skykamas.com\/wp-content\/uploads\/2023\/03\/40m-1300mil.webp\",\"contentUrl\":\"https:\/\/skykamas.com\/wp-content\/uploads\/2023\/03\/40m-1300mil.webp\",\"width\":200,\"height\":300},{\"@type\":\"BreadcrumbList\",\"@id\":\"https:\/\/skykamas.com\/index.php\/producto\/40m-1m-300-mil-3\/#breadcrumb\",\"itemListElement\":[{\"@type\":\"ListItem\",\"position\":1,\"name\":\"Home\",\"item\":\"https:\/\/skykamas.com\/\"},{\"@type\":\"ListItem\",\"position\":2,\"name\":\"Tienda\",\"item\":\"https:\/\/skykamas.com\/index.php\/tienda\/\"},{\"@type\":\"ListItem\",\"position\":3,\"name\":\"40M + 1.3M Kamas\"}]},{\"@type\":\"WebSite\",\"@id\":\"https:\/\/skykamas.com\/#website\",\"url\":\"https:\/\/skykamas.com\/\",\"name\":\"Dofus Kamas Sky Digital Store\",\"description\":\"Comprar Kamas Dofus - Dofus Retro, Dofus Touch, Dofus Classic - Sky Digital Store Kamas al precio m\u00e1s bajo, entregas r\u00e1pidas y confiables.\",\"publisher\":{\"@id\":\"https:\/\/skykamas.com\/#organization\"},\"potentialAction\":[{\"@type\":\"SearchAction\",\"target\":{\"@type\":\"EntryPoint\",\"urlTemplate\":\"https:\/\/skykamas.com\/?s={search_term_string}\"},\"query-input\":{\"@type\":\"PropertyValueSpecification\",\"valueRequired\":true,\"valueName\":\"search_term_string\"}}],\"inLanguage\":\"es\"},{\"@type\":\"Organization\",\"@id\":\"https:\/\/skykamas.com\/#organization\",\"name\":\"Sky Digital Store\",\"url\":\"https:\/\/skykamas.com\/\",\"logo\":{\"@type\":\"ImageObject\",\"inLanguage\":\"es\",\"@id\":\"https:\/\/skykamas.com\/#\/schema\/logo\/image\/\",\"url\":\"https:\/\/skykamas.com\/wp-content\/uploads\/2023\/05\/Logoedit.webp\",\"contentUrl\":\"https:\/\/skykamas.com\/wp-content\/uploads\/2023\/05\/Logoedit.webp\",\"width\":460,\"height\":512,\"caption\":\"Sky Digital Store\"},\"image\":{\"@id\":\"https:\/\/skykamas.com\/#\/schema\/logo\/image\/\"},\"sameAs\":[\"https:\/\/www.facebook.com\/SkyKamas\"]}]}<\/script>\n<!-- \/ Yoast SEO Premium plugin. -->","yoast_head_json":{"title":"40M + 1.3M Kamas - Sky Digital Store - Comprar Kamas para Dofus","robots":{"index":"index","follow":"follow","max-snippet":"max-snippet:-1","max-image-preview":"max-image-preview:large","max-video-preview":"max-video-preview:-1"},"canonical":"https:\/\/skykamas.com\/index.php\/producto\/40m-1m-300-mil-3\/","og_locale":"es_ES","og_type":"article","og_title":"40M + 1.3M Kamas","og_description":"Kamas Dofus Touch Servidor Herdegrize  40M + 1.3M Kamas 40M = 40.000.000K 1.3M = 1.300.000K  Siempre en Stock, disponibilidad inmediata. Entregas r\u00e1pidas, as\u00ed podr\u00edas disfrutar r\u00e1pidamente de tus Kamas. Bajo precio, tenemos el precio m\u00e1s bajo del mercado.  Proveedores y entregas confiables, damos seguridad.  \u00bfC\u00f3mo recibo mis Kamas en Dofus Touch? Despu\u00e9s de realizar el pedido, nuestro agente se comunicar\u00e1 con usted en el juego o por el chat en l\u00ednea, le indicar\u00e1 el punto de encuentro (coordenadas del mapa del juego) para entregarle sus Kamas. Aseg\u00farate de que puedes recibir mensajes privados en el juego.","og_url":"https:\/\/skykamas.com\/index.php\/producto\/40m-1m-300-mil-3\/","og_site_name":"Sky Digital Store - Comprar Kamas para Dofus","article_publisher":"https:\/\/www.facebook.com\/SkyKamas","article_modified_time":"2023-08-15T16:08:00+00:00","og_image":[{"width":200,"height":300,"url":"https:\/\/skykamas.com\/wp-content\/uploads\/2023\/03\/40m-1300mil.webp","type":"image\/webp"}],"twitter_card":"summary_large_image","twitter_misc":{"Tiempo de lectura":"1 minuto"},"schema":{"@context":"https:\/\/schema.org","@graph":[{"@type":"WebPage","@id":"https:\/\/skykamas.com\/index.php\/producto\/40m-1m-300-mil-3\/","url":"https:\/\/skykamas.com\/index.php\/producto\/40m-1m-300-mil-3\/","name":"40M + 1.3M Kamas - Sky Digital Store - Comprar Kamas para Dofus","isPartOf":{"@id":"https:\/\/skykamas.com\/#website"},"primaryImageOfPage":{"@id":"https:\/\/skykamas.com\/index.php\/producto\/40m-1m-300-mil-3\/#primaryimage"},"image":{"@id":"https:\/\/skykamas.com\/index.php\/producto\/40m-1m-300-mil-3\/#primaryimage"},"thumbnailUrl":"https:\/\/skykamas.com\/wp-content\/uploads\/2023\/03\/40m-1300mil.webp","datePublished":"2023-03-21T09:51:25+00:00","dateModified":"2023-08-15T16:08:00+00:00","breadcrumb":{"@id":"https:\/\/skykamas.com\/index.php\/producto\/40m-1m-300-mil-3\/#breadcrumb"},"inLanguage":"es","potentialAction":[{"@type":"ReadAction","target":["https:\/\/skykamas.com\/index.php\/producto\/40m-1m-300-mil-3\/"]}]},{"@type":"ImageObject","inLanguage":"es","@id":"https:\/\/skykamas.com\/index.php\/producto\/40m-1m-300-mil-3\/#primaryimage","url":"https:\/\/skykamas.com\/wp-content\/uploads\/2023\/03\/40m-1300mil.webp","contentUrl":"https:\/\/skykamas.com\/wp-content\/uploads\/2023\/03\/40m-1300mil.webp","width":200,"height":300},{"@type":"BreadcrumbList","@id":"https:\/\/skykamas.com\/index.php\/producto\/40m-1m-300-mil-3\/#breadcrumb","itemListElement":[{"@type":"ListItem","position":1,"name":"Home","item":"https:\/\/skykamas.com\/"},{"@type":"ListItem","position":2,"name":"Tienda","item":"https:\/\/skykamas.com\/index.php\/tienda\/"},{"@type":"ListItem","position":3,"name":"40M + 1.3M Kamas"}]},{"@type":"WebSite","@id":"https:\/\/skykamas.com\/#website","url":"https:\/\/skykamas.com\/","name":"Dofus Kamas Sky Digital Store","description":"Comprar Kamas Dofus - Dofus Retro, Dofus Touch, Dofus Classic - Sky Digital Store Kamas al precio m\u00e1s bajo, entregas r\u00e1pidas y confiables.","publisher":{"@id":"https:\/\/skykamas.com\/#organization"},"potentialAction":[{"@type":"SearchAction","target":{"@type":"EntryPoint","urlTemplate":"https:\/\/skykamas.com\/?s={search_term_string}"},"query-input":{"@type":"PropertyValueSpecification","valueRequired":true,"valueName":"search_term_string"}}],"inLanguage":"es"},{"@type":"Organization","@id":"https:\/\/skykamas.com\/#organization","name":"Sky Digital Store","url":"https:\/\/skykamas.com\/","logo":{"@type":"ImageObject","inLanguage":"es","@id":"https:\/\/skykamas.com\/#\/schema\/logo\/image\/","url":"https:\/\/skykamas.com\/wp-content\/uploads\/2023\/05\/Logoedit.webp","contentUrl":"https:\/\/skykamas.com\/wp-content\/uploads\/2023\/05\/Logoedit.webp","width":460,"height":512,"caption":"Sky Digital Store"},"image":{"@id":"https:\/\/skykamas.com\/#\/schema\/logo\/image\/"},"sameAs":["https:\/\/www.facebook.com\/SkyKamas"]}]}},"_links":{"self":[{"href":"https:\/\/skykamas.com\/index.php\/wp-json\/wp\/v2\/product\/1236","targetHints":{"allow":["GET"]}}],"collection":[{"href":"https:\/\/skykamas.com\/index.php\/wp-json\/wp\/v2\/product"}],"about":[{"href":"https:\/\/skykamas.com\/index.php\/wp-json\/wp\/v2\/types\/product"}],"replies":[{"embeddable":true,"href":"https:\/\/skykamas.com\/index.php\/wp-json\/wp\/v2\/comments?post=1236"}],"version-history":[{"count":3,"href":"https:\/\/skykamas.com\/index.php\/wp-json\/wp\/v2\/product\/1236\/revisions"}],"predecessor-version":[{"id":1850,"href":"https:\/\/skykamas.com\/index.php\/wp-json\/wp\/v2\/product\/1236\/revisions\/1850"}],"wp:featuredmedia":[{"embeddable":true,"href":"https:\/\/skykamas.com\/index.php\/wp-json\/wp\/v2\/media\/2650"}],"wp:attachment":[{"href":"https:\/\/skykamas.com\/index.php\/wp-json\/wp\/v2\/media?parent=1236"}],"wp:term":[{"taxonomy":"product_brand","embeddable":true,"href":"https:\/\/skykamas.com\/index.php\/wp-json\/wp\/v2\/product_brand?post=1236"},{"taxonomy":"product_cat","embeddable":true,"href":"https:\/\/skykamas.com\/index.php\/wp-json\/wp\/v2\/product_cat?post=1236"},{"taxonomy":"product_tag","embeddable":true,"href":"https:\/\/skykamas.com\/index.php\/wp-json\/wp\/v2\/product_tag?post=1236"}],"curies":[{"name":"wp","href":"https:\/\/api.w.org\/{rel}","templated":true}]}}