{"id":4284,"date":"2025-03-20T00:58:05","date_gmt":"2025-03-20T00:58:05","guid":{"rendered":"https:\/\/skykamas.com\/?page_id=4284"},"modified":"2025-04-12T16:10:12","modified_gmt":"2025-04-12T16:10:12","slug":"politica-aml","status":"publish","type":"page","link":"https:\/\/skykamas.com\/index.php\/politica-aml\/","title":{"rendered":"Politica AML"},"content":{"rendered":"\t\t<div data-elementor-type=\"wp-page\" data-elementor-id=\"4284\" class=\"elementor elementor-4284\" data-elementor-post-type=\"page\">\n\t\t\t\t\t\t<section class=\"elementor-section elementor-top-section elementor-element elementor-element-8e288c4 elementor-section-boxed elementor-section-height-default elementor-section-height-default\" data-id=\"8e288c4\" data-element_type=\"section\">\n\t\t\t\t\t\t<div class=\"elementor-container elementor-column-gap-default\">\n\t\t\t\t\t<div class=\"elementor-column elementor-col-100 elementor-top-column elementor-element elementor-element-26ab5e5\" data-id=\"26ab5e5\" data-element_type=\"column\">\n\t\t\t<div class=\"elementor-widget-wrap elementor-element-populated\">\n\t\t\t\t\t\t<div class=\"elementor-element elementor-element-1eec8a5 elementor-widget elementor-widget-heading\" data-id=\"1eec8a5\" data-element_type=\"widget\" data-widget_type=\"heading.default\">\n\t\t\t\t<div class=\"elementor-widget-container\">\n\t\t\t\t\t<h2 class=\"elementor-heading-title elementor-size-default\">Politica AML<\/h2>\t\t\t\t<\/div>\n\t\t\t\t<\/div>\n\t\t\t\t<div class=\"elementor-element elementor-element-4a210f2 elementor-widget elementor-widget-text-editor\" data-id=\"4a210f2\" data-element_type=\"widget\" data-widget_type=\"text-editor.default\">\n\t\t\t\t<div class=\"elementor-widget-container\">\n\t\t\t\t\t\t\t\t\t<p>Pol\u00edtica de Prevenci\u00f3n de Lavado de Activos y Financiamiento del Terrorismo (AML\/FT) SKY DIGITAL STORE S.A.S<\/p><p>1. Introducci\u00f3n y Objetivo<br \/>Sky Digital Store se compromete a prevenir el lavado de dinero y el financiamiento del terrorismo en todas sus operaciones. Esta pol\u00edtica describe las medidas b\u00e1sicas para identificar y gestionar los riesgos, garantizando la integridad de nuestra empresa y la seguridad de nuestros clientes.<\/p><p>2. Objetivo<\/p><p>El objetivo de esta pol\u00edtica es establecer lineamientos para la detecci\u00f3n, prevenci\u00f3n y reporte de operaciones sospechosas de lavado de activos y financiamiento del terrorismo, asegurando el cumplimiento de la normativa vigente y promoviendo la transparencia en nuestras transacciones.<\/p><p>3. Alcance<\/p><p>Esta pol\u00edtica aplica a todos los clientes, proveedores, socios y empleados de Sky Digital Store S.A.S. e incluye todas las transacciones realizadas a trav\u00e9s de nuestra plataforma. <br \/>4. Medidas de Prevenci\u00f3n<br \/>Identificaci\u00f3n y Verificaci\u00f3n de Clientes: Implementamos procedimientos de verificaci\u00f3n de identidad (KYC) para clientes que realicen transacciones significativas<\/p><p>Nombre, direcci\u00f3n y fecha de nacimiento del cliente.<br \/>Un documento de identidad v\u00e1lido (p. ej., documento nacional de identidad, pasaporte).<\/p><p>Un documento de residencia v\u00e1lido (p. ej., factura de servicios publicos, extracto bancario).<\/p><p><br \/>Monitoreo de Transacciones: Supervisamos periodicamente las transacciones para identificar actividades y patrones sospechosos o inusuales.<\/p><p>Reporte de Operaciones Sospechosas: Reportamos cualquier actividad sospechosa a las autoridades competentes seg\u00fan la normativa aplicable.<\/p><p>Pol\u00edtica de No Anonimato: No permitimos transacciones an\u00f3nimas ni con identidades ficticias.<\/p><p>5.Conservaci\u00f3n de registros<\/p><p>La informaci\u00f3n del cliente y los registros de transacciones se mantendr\u00e1n de forma segura durante al menos 5 a\u00f1os, de acuerdo con los requisitos legales.<\/p><p>6. Capacitaci\u00f3n, revisi\u00f3n y actualizaci\u00f3n de pol\u00edticas<\/p><p>Capacitaci\u00f3n: Se brinda capacitaci\u00f3n b\u00e1sica a los empleados sobre los riesgos del lavado de dinero, c\u00f3mo identificar y reportar actividades sospechosas.<\/p><p>Revisi\u00f3n y Actualizaci\u00f3n: Esta pol\u00edtica ser\u00e1 revisada peri\u00f3dicamente y actualizada seg\u00fan las normativas y mejores pr\u00e1cticas vigentes.<\/p><p>7. Sanciones y Cumplimiento El incumplimiento de esta pol\u00edtica puede resultar en la suspensi\u00f3n o cancelaci\u00f3n de cuentas y la denuncia a las autoridades competentes.<br \/><br \/>8. Contacto Para cualquier inquietud relacionada con esta pol\u00edtica, puedes contactarnos a trav\u00e9s de nuestro correo: admin@skykamas.com.<\/p>\t\t\t\t\t\t\t\t<\/div>\n\t\t\t\t<\/div>\n\t\t\t\t\t<\/div>\n\t\t<\/div>\n\t\t\t\t\t<\/div>\n\t\t<\/section>\n\t\t\t\t<\/div>\n\t\t","protected":false},"excerpt":{"rendered":"<p>Politica AML Pol\u00edtica de Prevenci\u00f3n de Lavado de Activos y Financiamiento del Terrorismo (AML\/FT) SKY DIGITAL STORE S.A.S 1. Introducci\u00f3n y ObjetivoSky Digital Store se compromete a prevenir el lavado de dinero y el financiamiento del terrorismo en todas sus operaciones. Esta pol\u00edtica describe las medidas b\u00e1sicas para identificar y gestionar los riesgos, garantizando la [&hellip;]<\/p>\n","protected":false},"author":1,"featured_media":0,"parent":0,"menu_order":0,"comment_status":"closed","ping_status":"closed","template":"","meta":{"site-sidebar-layout":"no-sidebar","site-content-layout":"page-builder","ast-site-content-layout":"full-width-container","site-content-style":"unboxed","site-sidebar-style":"unboxed","ast-global-header-display":"","ast-banner-title-visibility":"","ast-main-header-display":"","ast-hfb-above-header-display":"","ast-hfb-below-header-display":"","ast-hfb-mobile-header-display":"","site-post-title":"disabled","ast-breadcrumbs-content":"","ast-featured-img":"disabled","footer-sml-layout":"","theme-transparent-header-meta":"","adv-header-id-meta":"","stick-header-meta":"","header-above-stick-meta":"","header-main-stick-meta":"","header-below-stick-meta":"","astra-migrate-meta-layouts":"set","ast-page-background-enabled":"default","ast-page-background-meta":{"desktop":{"background-color":"var(--ast-global-color-4)","background-image":"","background-repeat":"repeat","background-position":"center center","background-size":"auto","background-attachment":"scroll","background-type":"","background-media":"","overlay-type":"","overlay-color":"","overlay-opacity":"","overlay-gradient":""},"tablet":{"background-color":"","background-image":"","background-repeat":"repeat","background-position":"center center","background-size":"auto","background-attachment":"scroll","background-type":"","background-media":"","overlay-type":"","overlay-color":"","overlay-opacity":"","overlay-gradient":""},"mobile":{"background-color":"","background-image":"","background-repeat":"repeat","background-position":"center center","background-size":"auto","background-attachment":"scroll","background-type":"","background-media":"","overlay-type":"","overlay-color":"","overlay-opacity":"","overlay-gradient":""}},"ast-content-background-meta":{"desktop":{"background-color":"var(--ast-global-color-5)","background-image":"","background-repeat":"repeat","background-position":"center center","background-size":"auto","background-attachment":"scroll","background-type":"","background-media":"","overlay-type":"","overlay-color":"","overlay-opacity":"","overlay-gradient":""},"tablet":{"background-color":"var(--ast-global-color-5)","background-image":"","background-repeat":"repeat","background-position":"center center","background-size":"auto","background-attachment":"scroll","background-type":"","background-media":"","overlay-type":"","overlay-color":"","overlay-opacity":"","overlay-gradient":""},"mobile":{"background-color":"var(--ast-global-color-5)","background-image":"","background-repeat":"repeat","background-position":"center center","background-size":"auto","background-attachment":"scroll","background-type":"","background-media":"","overlay-type":"","overlay-color":"","overlay-opacity":"","overlay-gradient":""}},"footnotes":""},"class_list":["post-4284","page","type-page","status-publish","hentry"],"yoast_head":"<!-- This site is optimized with the Yoast SEO Premium plugin v20.7 (Yoast SEO v25.2) - https:\/\/yoast.com\/wordpress\/plugins\/seo\/ -->\n<title>Politica AML - Sky Digital Store - Comprar Kamas para Dofus<\/title>\n<meta name=\"description\" content=\"Sky Digital Store Comprar Kamas Dofus al precio m\u00e1s bajo, con entregas r\u00e1pidas y seguras, para Dofus, Dofus Retro y Dofus Touch\" \/>\n<meta name=\"robots\" content=\"index, follow, max-snippet:-1, max-image-preview:large, max-video-preview:-1\" \/>\n<link rel=\"canonical\" href=\"https:\/\/skykamas.com\/index.php\/politica-aml\/\" \/>\n<meta property=\"og:locale\" content=\"es_ES\" \/>\n<meta property=\"og:type\" content=\"article\" \/>\n<meta property=\"og:title\" content=\"Politica AML\" \/>\n<meta property=\"og:description\" content=\"Sky Digital Store Comprar Kamas Dofus al precio m\u00e1s bajo, con entregas r\u00e1pidas y seguras, para Dofus, Dofus Retro y Dofus Touch\" \/>\n<meta property=\"og:url\" content=\"https:\/\/skykamas.com\/index.php\/politica-aml\/\" \/>\n<meta property=\"og:site_name\" content=\"Sky Digital Store - Comprar Kamas para Dofus\" \/>\n<meta property=\"article:publisher\" content=\"https:\/\/www.facebook.com\/SkyKamas\" \/>\n<meta property=\"article:modified_time\" content=\"2025-04-12T16:10:12+00:00\" \/>\n<meta name=\"twitter:card\" content=\"summary_large_image\" \/>\n<meta name=\"twitter:label1\" content=\"Tiempo de lectura\" \/>\n\t<meta name=\"twitter:data1\" content=\"2 minutos\" \/>\n<script type=\"application\/ld+json\" class=\"yoast-schema-graph\">{\"@context\":\"https:\/\/schema.org\",\"@graph\":[{\"@type\":\"WebPage\",\"@id\":\"https:\/\/skykamas.com\/index.php\/politica-aml\/\",\"url\":\"https:\/\/skykamas.com\/index.php\/politica-aml\/\",\"name\":\"Politica AML - Sky Digital Store - Comprar Kamas para Dofus\",\"isPartOf\":{\"@id\":\"https:\/\/skykamas.com\/#website\"},\"datePublished\":\"2025-03-20T00:58:05+00:00\",\"dateModified\":\"2025-04-12T16:10:12+00:00\",\"description\":\"Sky Digital Store Comprar Kamas Dofus al precio m\u00e1s bajo, con entregas r\u00e1pidas y seguras, para Dofus, Dofus Retro y Dofus Touch\",\"breadcrumb\":{\"@id\":\"https:\/\/skykamas.com\/index.php\/politica-aml\/#breadcrumb\"},\"inLanguage\":\"es\",\"potentialAction\":[{\"@type\":\"ReadAction\",\"target\":[\"https:\/\/skykamas.com\/index.php\/politica-aml\/\"]}]},{\"@type\":\"BreadcrumbList\",\"@id\":\"https:\/\/skykamas.com\/index.php\/politica-aml\/#breadcrumb\",\"itemListElement\":[{\"@type\":\"ListItem\",\"position\":1,\"name\":\"Home\",\"item\":\"https:\/\/skykamas.com\/\"},{\"@type\":\"ListItem\",\"position\":2,\"name\":\"Politica AML\"}]},{\"@type\":\"WebSite\",\"@id\":\"https:\/\/skykamas.com\/#website\",\"url\":\"https:\/\/skykamas.com\/\",\"name\":\"Dofus Kamas Sky Digital Store\",\"description\":\"Comprar Kamas Dofus - Dofus Retro, Dofus Touch, Dofus Classic - Sky Digital Store Kamas al precio m\u00e1s bajo, entregas r\u00e1pidas y confiables.\",\"publisher\":{\"@id\":\"https:\/\/skykamas.com\/#organization\"},\"potentialAction\":[{\"@type\":\"SearchAction\",\"target\":{\"@type\":\"EntryPoint\",\"urlTemplate\":\"https:\/\/skykamas.com\/?s={search_term_string}\"},\"query-input\":{\"@type\":\"PropertyValueSpecification\",\"valueRequired\":true,\"valueName\":\"search_term_string\"}}],\"inLanguage\":\"es\"},{\"@type\":\"Organization\",\"@id\":\"https:\/\/skykamas.com\/#organization\",\"name\":\"Sky Digital Store\",\"url\":\"https:\/\/skykamas.com\/\",\"logo\":{\"@type\":\"ImageObject\",\"inLanguage\":\"es\",\"@id\":\"https:\/\/skykamas.com\/#\/schema\/logo\/image\/\",\"url\":\"https:\/\/skykamas.com\/wp-content\/uploads\/2023\/05\/Logoedit.webp\",\"contentUrl\":\"https:\/\/skykamas.com\/wp-content\/uploads\/2023\/05\/Logoedit.webp\",\"width\":460,\"height\":512,\"caption\":\"Sky Digital Store\"},\"image\":{\"@id\":\"https:\/\/skykamas.com\/#\/schema\/logo\/image\/\"},\"sameAs\":[\"https:\/\/www.facebook.com\/SkyKamas\"]}]}<\/script>\n<!-- \/ Yoast SEO Premium plugin. -->","yoast_head_json":{"title":"Politica AML - Sky Digital Store - Comprar Kamas para Dofus","description":"Sky Digital Store Comprar Kamas Dofus al precio m\u00e1s bajo, con entregas r\u00e1pidas y seguras, para Dofus, Dofus Retro y Dofus Touch","robots":{"index":"index","follow":"follow","max-snippet":"max-snippet:-1","max-image-preview":"max-image-preview:large","max-video-preview":"max-video-preview:-1"},"canonical":"https:\/\/skykamas.com\/index.php\/politica-aml\/","og_locale":"es_ES","og_type":"article","og_title":"Politica AML","og_description":"Sky Digital Store Comprar Kamas Dofus al precio m\u00e1s bajo, con entregas r\u00e1pidas y seguras, para Dofus, Dofus Retro y Dofus Touch","og_url":"https:\/\/skykamas.com\/index.php\/politica-aml\/","og_site_name":"Sky Digital Store - Comprar Kamas para Dofus","article_publisher":"https:\/\/www.facebook.com\/SkyKamas","article_modified_time":"2025-04-12T16:10:12+00:00","twitter_card":"summary_large_image","twitter_misc":{"Tiempo de lectura":"2 minutos"},"schema":{"@context":"https:\/\/schema.org","@graph":[{"@type":"WebPage","@id":"https:\/\/skykamas.com\/index.php\/politica-aml\/","url":"https:\/\/skykamas.com\/index.php\/politica-aml\/","name":"Politica AML - Sky Digital Store - Comprar Kamas para Dofus","isPartOf":{"@id":"https:\/\/skykamas.com\/#website"},"datePublished":"2025-03-20T00:58:05+00:00","dateModified":"2025-04-12T16:10:12+00:00","description":"Sky Digital Store Comprar Kamas Dofus al precio m\u00e1s bajo, con entregas r\u00e1pidas y seguras, para Dofus, Dofus Retro y Dofus Touch","breadcrumb":{"@id":"https:\/\/skykamas.com\/index.php\/politica-aml\/#breadcrumb"},"inLanguage":"es","potentialAction":[{"@type":"ReadAction","target":["https:\/\/skykamas.com\/index.php\/politica-aml\/"]}]},{"@type":"BreadcrumbList","@id":"https:\/\/skykamas.com\/index.php\/politica-aml\/#breadcrumb","itemListElement":[{"@type":"ListItem","position":1,"name":"Home","item":"https:\/\/skykamas.com\/"},{"@type":"ListItem","position":2,"name":"Politica AML"}]},{"@type":"WebSite","@id":"https:\/\/skykamas.com\/#website","url":"https:\/\/skykamas.com\/","name":"Dofus Kamas Sky Digital Store","description":"Comprar Kamas Dofus - Dofus Retro, Dofus Touch, Dofus Classic - Sky Digital Store Kamas al precio m\u00e1s bajo, entregas r\u00e1pidas y confiables.","publisher":{"@id":"https:\/\/skykamas.com\/#organization"},"potentialAction":[{"@type":"SearchAction","target":{"@type":"EntryPoint","urlTemplate":"https:\/\/skykamas.com\/?s={search_term_string}"},"query-input":{"@type":"PropertyValueSpecification","valueRequired":true,"valueName":"search_term_string"}}],"inLanguage":"es"},{"@type":"Organization","@id":"https:\/\/skykamas.com\/#organization","name":"Sky Digital Store","url":"https:\/\/skykamas.com\/","logo":{"@type":"ImageObject","inLanguage":"es","@id":"https:\/\/skykamas.com\/#\/schema\/logo\/image\/","url":"https:\/\/skykamas.com\/wp-content\/uploads\/2023\/05\/Logoedit.webp","contentUrl":"https:\/\/skykamas.com\/wp-content\/uploads\/2023\/05\/Logoedit.webp","width":460,"height":512,"caption":"Sky Digital Store"},"image":{"@id":"https:\/\/skykamas.com\/#\/schema\/logo\/image\/"},"sameAs":["https:\/\/www.facebook.com\/SkyKamas"]}]}},"_links":{"self":[{"href":"https:\/\/skykamas.com\/index.php\/wp-json\/wp\/v2\/pages\/4284","targetHints":{"allow":["GET"]}}],"collection":[{"href":"https:\/\/skykamas.com\/index.php\/wp-json\/wp\/v2\/pages"}],"about":[{"href":"https:\/\/skykamas.com\/index.php\/wp-json\/wp\/v2\/types\/page"}],"author":[{"embeddable":true,"href":"https:\/\/skykamas.com\/index.php\/wp-json\/wp\/v2\/users\/1"}],"replies":[{"embeddable":true,"href":"https:\/\/skykamas.com\/index.php\/wp-json\/wp\/v2\/comments?post=4284"}],"version-history":[{"count":17,"href":"https:\/\/skykamas.com\/index.php\/wp-json\/wp\/v2\/pages\/4284\/revisions"}],"predecessor-version":[{"id":4352,"href":"https:\/\/skykamas.com\/index.php\/wp-json\/wp\/v2\/pages\/4284\/revisions\/4352"}],"wp:attachment":[{"href":"https:\/\/skykamas.com\/index.php\/wp-json\/wp\/v2\/media?parent=4284"}],"curies":[{"name":"wp","href":"https:\/\/api.w.org\/{rel}","templated":true}]}}