{"id":310,"date":"2023-03-13T01:15:51","date_gmt":"2023-03-13T01:15:51","guid":{"rendered":"https:\/\/skykamas.com\/?page_id=310"},"modified":"2025-03-20T00:26:34","modified_gmt":"2025-03-20T00:26:34","slug":"politicas-de-privacidad","status":"publish","type":"page","link":"https:\/\/skykamas.com\/index.php\/politicas-de-privacidad\/","title":{"rendered":"POLITICAS DE PRIVACIDAD"},"content":{"rendered":"\t\t<div data-elementor-type=\"wp-page\" data-elementor-id=\"310\" class=\"elementor elementor-310\" data-elementor-post-type=\"page\">\n\t\t\t\t\t\t<section class=\"elementor-section elementor-top-section elementor-element elementor-element-8e288c4 elementor-section-boxed elementor-section-height-default elementor-section-height-default\" data-id=\"8e288c4\" data-element_type=\"section\">\n\t\t\t\t\t\t<div class=\"elementor-container elementor-column-gap-default\">\n\t\t\t\t\t<div class=\"elementor-column elementor-col-100 elementor-top-column elementor-element elementor-element-26ab5e5\" data-id=\"26ab5e5\" data-element_type=\"column\">\n\t\t\t<div class=\"elementor-widget-wrap elementor-element-populated\">\n\t\t\t\t\t\t<div class=\"elementor-element elementor-element-1eec8a5 elementor-widget elementor-widget-heading\" data-id=\"1eec8a5\" data-element_type=\"widget\" data-widget_type=\"heading.default\">\n\t\t\t\t<div class=\"elementor-widget-container\">\n\t\t\t\t\t<h2 class=\"elementor-heading-title elementor-size-default\">Pol\u00edticas de Privacidad<\/h2>\t\t\t\t<\/div>\n\t\t\t\t<\/div>\n\t\t\t\t<div class=\"elementor-element elementor-element-4a210f2 elementor-widget elementor-widget-text-editor\" data-id=\"4a210f2\" data-element_type=\"widget\" data-widget_type=\"text-editor.default\">\n\t\t\t\t<div class=\"elementor-widget-container\">\n\t\t\t\t\t\t\t\t\t<p>El uso continuo del sitio web constituye una aceptaci\u00f3n de los t\u00e9rminos, condiciones y pol\u00edticas de privacidad. Sky Digital Store se reserva el derecho de cambiar los t\u00e9rminos, condiciones y pol\u00edticas de privacidad en cualquier momento, usted ser\u00e1 responsable de revisarlas regularmente.<\/p><p>Esta Pol\u00edtica de privacidad describe c\u00f3mo Sky Digital Store recopila, almacena y utiliza informaci\u00f3n que nos proporciona a trav\u00e9s del sitio web, por tel\u00e9fono o correo electr\u00f3nico.<\/p><p>Sky Digital Store reconoce la importancia de proteger la informaci\u00f3n que proporciona en nuestro sitio web;<br \/>Recopilamos su informaci\u00f3n personal, como su nombre, direcci\u00f3n, tel\u00e9fono, correo electr\u00f3nico y otros tipos de informaci\u00f3n y documentos personales solo con el fin de entregarle los productos solicitados con total seguridad, verificar sus pagos y proteger nuestras transacciones.<\/p><p>Se recopila informaci\u00f3n personal cuando se comunica con nosotros, cuando se registra con nosotros, cuando utiliza nuestros productos y servicios, cuando env\u00eda un pedido con nosotros, cuando visita nuestro sitio web y cuando participa en promociones o concursos.<br \/>Su informaci\u00f3n personal est\u00e1 protegida y permanece confidencial, usamos su nombre del personaje en el juego, correo electr\u00f3nico o tel\u00e9fono para contactarlo y entregar su pedido, con fines informativos o de notificaci\u00f3n sobre nuestras promociones, concursos, nuevos servicios, ganadores de concursos y otorgamiento de premios.<\/p><p>Si ya no desea recibir notificaciones sobre nuestras promociones, concursos y nuevos servicios, puede seguir las instrucciones incluidas en cada comunicaci\u00f3n o enviando un correo electr\u00f3nico a admin@skykamas.com.<\/p><p>Los usuarios pueden acceder a su informaci\u00f3n personal iniciando sesi\u00f3n en su cuenta en el sitio. Los usuarios tambi\u00e9n pueden comunicarse con nosotros para solicitar que su informaci\u00f3n personal sea modificada o eliminada.<\/p><p>Es posible que deba proporcionar documentos personales para confirmar su identidad e informaci\u00f3n de pago, estos documentos solo se compartir\u00e1n con la compa\u00f1\u00eda de pago en caso de que tengamos un problema con uno de sus pagos, nos reservaremos el derecho de solicitar cualquier documento para probar su identidad e informaci\u00f3n de pago, el cliente tiene derecho a aceptar o negarse a compartir su informaci\u00f3n personal, si se ha realizado un pedido y el cliente se niega a compartir su informaci\u00f3n, el pedido ser\u00e1 reembolsado en su totalidad y, por lo tanto, el pedido no ser\u00e1 entregado.<\/p><p>En el caso de que encontremos problemas con sus pagos, nos reservamos el derecho de compartir su informaci\u00f3n personal y documentos con la empresa que utiliz\u00f3 para realizar el pago en cuesti\u00f3n a fin de probar la credibilidad de nuestras transacciones y encontrar una soluci\u00f3n.<\/p><p>El sitio web puede utilizar \u201ccookies\u201d para mejorar la experiencia del usuario. Una cookie es un peque\u00f1o archivo de datos que el navegador web almacena en el disco duro de la computadora del usuario. Las cookies nos permiten almacenar informaci\u00f3n como las preferencias del usuario, lo que nos permite personalizar el sitio para satisfacer las necesidades del usuario. Los usuarios pueden configurar su navegador para rechazar las cookies, pero esto puede impedir que el usuario use ciertas partes del sitio.<\/p><p>Al igual que con la mayor\u00eda de los sitios web, la Compa\u00f1\u00eda recopila autom\u00e1ticamente ciertos datos y los almacena en archivos de registro. Esta informaci\u00f3n incluye Protocolo de Internet (IP), tipo de navegador, Proveedor de Servicios de Internet (ISP), sistema operativo, fecha\/hora y secuencia de navegaci\u00f3n. Sky Digital Store utiliza esta informaci\u00f3n para analizar tendencias, detectar fraudes y administrar el sitio web.<\/p><p>Sky Digital Store protege la confidencialidad e integridad de la informaci\u00f3n que recopila mediante el empleo adecuado de protocolos administrativos, t\u00e9cnicos, f\u00edsicos y controles de seguridad dise\u00f1ados para limitar el acceso, detectar y prevenir el acceso no autorizado, la divulgaci\u00f3n, la alteraci\u00f3n o la destrucci\u00f3n de la informaci\u00f3n bajo su control. Ning\u00fan m\u00e9todo de transmisi\u00f3n por Internet o m\u00e9todo de almacenamiento electr\u00f3nico es 100% seguro. Por lo tanto, aunque nos esforzamos por utilizar medios aceptables para proteger su Informaci\u00f3n personal, no podemos garantizar su seguridad absoluta.<\/p><p>Podemos compartir informaci\u00f3n obtenida a los proveedores de servicios externos necesarios para facilitar las siguientes operaciones: verificaci\u00f3n de direcci\u00f3n, detecci\u00f3n de fraude y env\u00edo de pedidos. puede ser compartida a los gobiernos con fines legales\/tributarios para cumplir con las leyes locales, estatales, federales e internacionales, la compa\u00f1\u00eda puede divulgar informaci\u00f3n a las agencias encargadas de hacer cumplir la ley.<\/p><p>Los productos y servicios ofrecidos en nuestro sitio no est\u00e1n destinados a ni\u00f1os menores de 14 a\u00f1os, nos negamos a comprar o vender a menores de 14 a\u00f1os.<\/p>\t\t\t\t\t\t\t\t<\/div>\n\t\t\t\t<\/div>\n\t\t\t\t\t<\/div>\n\t\t<\/div>\n\t\t\t\t\t<\/div>\n\t\t<\/section>\n\t\t\t\t<\/div>\n\t\t","protected":false},"excerpt":{"rendered":"<p>Pol\u00edticas de Privacidad El uso continuo del sitio web constituye una aceptaci\u00f3n de los t\u00e9rminos, condiciones y pol\u00edticas de privacidad. Sky Digital Store se reserva el derecho de cambiar los t\u00e9rminos, condiciones y pol\u00edticas de privacidad en cualquier momento, usted ser\u00e1 responsable de revisarlas regularmente. Esta Pol\u00edtica de privacidad describe c\u00f3mo Sky Digital Store recopila, [&hellip;]<\/p>\n","protected":false},"author":1,"featured_media":0,"parent":0,"menu_order":0,"comment_status":"closed","ping_status":"closed","template":"","meta":{"site-sidebar-layout":"no-sidebar","site-content-layout":"page-builder","ast-site-content-layout":"","site-content-style":"default","site-sidebar-style":"default","ast-global-header-display":"","ast-banner-title-visibility":"","ast-main-header-display":"","ast-hfb-above-header-display":"","ast-hfb-below-header-display":"","ast-hfb-mobile-header-display":"","site-post-title":"disabled","ast-breadcrumbs-content":"","ast-featured-img":"disabled","footer-sml-layout":"","theme-transparent-header-meta":"","adv-header-id-meta":"","stick-header-meta":"","header-above-stick-meta":"","header-main-stick-meta":"","header-below-stick-meta":"","astra-migrate-meta-layouts":"default","ast-page-background-enabled":"default","ast-page-background-meta":{"desktop":{"background-color":"var(--ast-global-color-4)","background-image":"","background-repeat":"repeat","background-position":"center center","background-size":"auto","background-attachment":"scroll","background-type":"","background-media":"","overlay-type":"","overlay-color":"","overlay-opacity":"","overlay-gradient":""},"tablet":{"background-color":"","background-image":"","background-repeat":"repeat","background-position":"center center","background-size":"auto","background-attachment":"scroll","background-type":"","background-media":"","overlay-type":"","overlay-color":"","overlay-opacity":"","overlay-gradient":""},"mobile":{"background-color":"","background-image":"","background-repeat":"repeat","background-position":"center center","background-size":"auto","background-attachment":"scroll","background-type":"","background-media":"","overlay-type":"","overlay-color":"","overlay-opacity":"","overlay-gradient":""}},"ast-content-background-meta":{"desktop":{"background-color":"var(--ast-global-color-5)","background-image":"","background-repeat":"repeat","background-position":"center center","background-size":"auto","background-attachment":"scroll","background-type":"","background-media":"","overlay-type":"","overlay-color":"","overlay-opacity":"","overlay-gradient":""},"tablet":{"background-color":"var(--ast-global-color-5)","background-image":"","background-repeat":"repeat","background-position":"center center","background-size":"auto","background-attachment":"scroll","background-type":"","background-media":"","overlay-type":"","overlay-color":"","overlay-opacity":"","overlay-gradient":""},"mobile":{"background-color":"var(--ast-global-color-5)","background-image":"","background-repeat":"repeat","background-position":"center center","background-size":"auto","background-attachment":"scroll","background-type":"","background-media":"","overlay-type":"","overlay-color":"","overlay-opacity":"","overlay-gradient":""}},"footnotes":""},"class_list":["post-310","page","type-page","status-publish","hentry"],"yoast_head":"<!-- This site is optimized with the Yoast SEO Premium plugin v20.7 (Yoast SEO v25.2) - https:\/\/yoast.com\/wordpress\/plugins\/seo\/ -->\n<title>POLITICAS DE PRIVACIDAD - Sky Digital Store - Comprar Kamas para Dofus<\/title>\n<meta name=\"description\" content=\"Sky Digital Store Comprar Kamas Dofus al precio m\u00e1s bajo, con entregas r\u00e1pidas y seguras, para Dofus, Dofus Retro y Dofus Touch\" \/>\n<meta name=\"robots\" content=\"index, follow, max-snippet:-1, max-image-preview:large, max-video-preview:-1\" \/>\n<link rel=\"canonical\" href=\"https:\/\/skykamas.com\/index.php\/politicas-de-privacidad\/\" \/>\n<meta property=\"og:locale\" content=\"es_ES\" \/>\n<meta property=\"og:type\" content=\"article\" \/>\n<meta property=\"og:title\" content=\"POLITICAS DE PRIVACIDAD\" \/>\n<meta property=\"og:description\" content=\"Sky Digital Store Comprar Kamas Dofus al precio m\u00e1s bajo, con entregas r\u00e1pidas y seguras, para Dofus, Dofus Retro y Dofus Touch\" \/>\n<meta property=\"og:url\" content=\"https:\/\/skykamas.com\/index.php\/politicas-de-privacidad\/\" \/>\n<meta property=\"og:site_name\" content=\"Sky Digital Store - Comprar Kamas para Dofus\" \/>\n<meta property=\"article:publisher\" content=\"https:\/\/www.facebook.com\/SkyKamas\" \/>\n<meta property=\"article:modified_time\" content=\"2025-03-20T00:26:34+00:00\" \/>\n<meta name=\"twitter:card\" content=\"summary_large_image\" \/>\n<meta name=\"twitter:label1\" content=\"Tiempo de lectura\" \/>\n\t<meta name=\"twitter:data1\" content=\"4 minutos\" \/>\n<script type=\"application\/ld+json\" class=\"yoast-schema-graph\">{\"@context\":\"https:\/\/schema.org\",\"@graph\":[{\"@type\":\"WebPage\",\"@id\":\"https:\/\/skykamas.com\/index.php\/politicas-de-privacidad\/\",\"url\":\"https:\/\/skykamas.com\/index.php\/politicas-de-privacidad\/\",\"name\":\"POLITICAS DE PRIVACIDAD - Sky Digital Store - Comprar Kamas para Dofus\",\"isPartOf\":{\"@id\":\"https:\/\/skykamas.com\/#website\"},\"datePublished\":\"2023-03-13T01:15:51+00:00\",\"dateModified\":\"2025-03-20T00:26:34+00:00\",\"description\":\"Sky Digital Store Comprar Kamas Dofus al precio m\u00e1s bajo, con entregas r\u00e1pidas y seguras, para Dofus, Dofus Retro y Dofus Touch\",\"breadcrumb\":{\"@id\":\"https:\/\/skykamas.com\/index.php\/politicas-de-privacidad\/#breadcrumb\"},\"inLanguage\":\"es\",\"potentialAction\":[{\"@type\":\"ReadAction\",\"target\":[\"https:\/\/skykamas.com\/index.php\/politicas-de-privacidad\/\"]}]},{\"@type\":\"BreadcrumbList\",\"@id\":\"https:\/\/skykamas.com\/index.php\/politicas-de-privacidad\/#breadcrumb\",\"itemListElement\":[{\"@type\":\"ListItem\",\"position\":1,\"name\":\"Home\",\"item\":\"https:\/\/skykamas.com\/\"},{\"@type\":\"ListItem\",\"position\":2,\"name\":\"POLITICAS DE PRIVACIDAD\"}]},{\"@type\":\"WebSite\",\"@id\":\"https:\/\/skykamas.com\/#website\",\"url\":\"https:\/\/skykamas.com\/\",\"name\":\"Dofus Kamas Sky Digital Store\",\"description\":\"Comprar Kamas Dofus - Dofus Retro, Dofus Touch, Dofus Classic - Sky Digital Store Kamas al precio m\u00e1s bajo, entregas r\u00e1pidas y confiables.\",\"publisher\":{\"@id\":\"https:\/\/skykamas.com\/#organization\"},\"potentialAction\":[{\"@type\":\"SearchAction\",\"target\":{\"@type\":\"EntryPoint\",\"urlTemplate\":\"https:\/\/skykamas.com\/?s={search_term_string}\"},\"query-input\":{\"@type\":\"PropertyValueSpecification\",\"valueRequired\":true,\"valueName\":\"search_term_string\"}}],\"inLanguage\":\"es\"},{\"@type\":\"Organization\",\"@id\":\"https:\/\/skykamas.com\/#organization\",\"name\":\"Sky Digital Store\",\"url\":\"https:\/\/skykamas.com\/\",\"logo\":{\"@type\":\"ImageObject\",\"inLanguage\":\"es\",\"@id\":\"https:\/\/skykamas.com\/#\/schema\/logo\/image\/\",\"url\":\"https:\/\/skykamas.com\/wp-content\/uploads\/2023\/05\/Logoedit.webp\",\"contentUrl\":\"https:\/\/skykamas.com\/wp-content\/uploads\/2023\/05\/Logoedit.webp\",\"width\":460,\"height\":512,\"caption\":\"Sky Digital Store\"},\"image\":{\"@id\":\"https:\/\/skykamas.com\/#\/schema\/logo\/image\/\"},\"sameAs\":[\"https:\/\/www.facebook.com\/SkyKamas\"]}]}<\/script>\n<!-- \/ Yoast SEO Premium plugin. -->","yoast_head_json":{"title":"POLITICAS DE PRIVACIDAD - Sky Digital Store - Comprar Kamas para Dofus","description":"Sky Digital Store Comprar Kamas Dofus al precio m\u00e1s bajo, con entregas r\u00e1pidas y seguras, para Dofus, Dofus Retro y Dofus Touch","robots":{"index":"index","follow":"follow","max-snippet":"max-snippet:-1","max-image-preview":"max-image-preview:large","max-video-preview":"max-video-preview:-1"},"canonical":"https:\/\/skykamas.com\/index.php\/politicas-de-privacidad\/","og_locale":"es_ES","og_type":"article","og_title":"POLITICAS DE PRIVACIDAD","og_description":"Sky Digital Store Comprar Kamas Dofus al precio m\u00e1s bajo, con entregas r\u00e1pidas y seguras, para Dofus, Dofus Retro y Dofus Touch","og_url":"https:\/\/skykamas.com\/index.php\/politicas-de-privacidad\/","og_site_name":"Sky Digital Store - Comprar Kamas para Dofus","article_publisher":"https:\/\/www.facebook.com\/SkyKamas","article_modified_time":"2025-03-20T00:26:34+00:00","twitter_card":"summary_large_image","twitter_misc":{"Tiempo de lectura":"4 minutos"},"schema":{"@context":"https:\/\/schema.org","@graph":[{"@type":"WebPage","@id":"https:\/\/skykamas.com\/index.php\/politicas-de-privacidad\/","url":"https:\/\/skykamas.com\/index.php\/politicas-de-privacidad\/","name":"POLITICAS DE PRIVACIDAD - Sky Digital Store - Comprar Kamas para Dofus","isPartOf":{"@id":"https:\/\/skykamas.com\/#website"},"datePublished":"2023-03-13T01:15:51+00:00","dateModified":"2025-03-20T00:26:34+00:00","description":"Sky Digital Store Comprar Kamas Dofus al precio m\u00e1s bajo, con entregas r\u00e1pidas y seguras, para Dofus, Dofus Retro y Dofus Touch","breadcrumb":{"@id":"https:\/\/skykamas.com\/index.php\/politicas-de-privacidad\/#breadcrumb"},"inLanguage":"es","potentialAction":[{"@type":"ReadAction","target":["https:\/\/skykamas.com\/index.php\/politicas-de-privacidad\/"]}]},{"@type":"BreadcrumbList","@id":"https:\/\/skykamas.com\/index.php\/politicas-de-privacidad\/#breadcrumb","itemListElement":[{"@type":"ListItem","position":1,"name":"Home","item":"https:\/\/skykamas.com\/"},{"@type":"ListItem","position":2,"name":"POLITICAS DE PRIVACIDAD"}]},{"@type":"WebSite","@id":"https:\/\/skykamas.com\/#website","url":"https:\/\/skykamas.com\/","name":"Dofus Kamas Sky Digital Store","description":"Comprar Kamas Dofus - Dofus Retro, Dofus Touch, Dofus Classic - Sky Digital Store Kamas al precio m\u00e1s bajo, entregas r\u00e1pidas y confiables.","publisher":{"@id":"https:\/\/skykamas.com\/#organization"},"potentialAction":[{"@type":"SearchAction","target":{"@type":"EntryPoint","urlTemplate":"https:\/\/skykamas.com\/?s={search_term_string}"},"query-input":{"@type":"PropertyValueSpecification","valueRequired":true,"valueName":"search_term_string"}}],"inLanguage":"es"},{"@type":"Organization","@id":"https:\/\/skykamas.com\/#organization","name":"Sky Digital Store","url":"https:\/\/skykamas.com\/","logo":{"@type":"ImageObject","inLanguage":"es","@id":"https:\/\/skykamas.com\/#\/schema\/logo\/image\/","url":"https:\/\/skykamas.com\/wp-content\/uploads\/2023\/05\/Logoedit.webp","contentUrl":"https:\/\/skykamas.com\/wp-content\/uploads\/2023\/05\/Logoedit.webp","width":460,"height":512,"caption":"Sky Digital Store"},"image":{"@id":"https:\/\/skykamas.com\/#\/schema\/logo\/image\/"},"sameAs":["https:\/\/www.facebook.com\/SkyKamas"]}]}},"_links":{"self":[{"href":"https:\/\/skykamas.com\/index.php\/wp-json\/wp\/v2\/pages\/310","targetHints":{"allow":["GET"]}}],"collection":[{"href":"https:\/\/skykamas.com\/index.php\/wp-json\/wp\/v2\/pages"}],"about":[{"href":"https:\/\/skykamas.com\/index.php\/wp-json\/wp\/v2\/types\/page"}],"author":[{"embeddable":true,"href":"https:\/\/skykamas.com\/index.php\/wp-json\/wp\/v2\/users\/1"}],"replies":[{"embeddable":true,"href":"https:\/\/skykamas.com\/index.php\/wp-json\/wp\/v2\/comments?post=310"}],"version-history":[{"count":13,"href":"https:\/\/skykamas.com\/index.php\/wp-json\/wp\/v2\/pages\/310\/revisions"}],"predecessor-version":[{"id":4259,"href":"https:\/\/skykamas.com\/index.php\/wp-json\/wp\/v2\/pages\/310\/revisions\/4259"}],"wp:attachment":[{"href":"https:\/\/skykamas.com\/index.php\/wp-json\/wp\/v2\/media?parent=310"}],"curies":[{"name":"wp","href":"https:\/\/api.w.org\/{rel}","templated":true}]}}