{"id":30,"date":"2023-03-08T17:23:04","date_gmt":"2023-03-08T17:23:04","guid":{"rendered":"https:\/\/skykamas.com\/?page_id=30"},"modified":"2025-03-20T00:43:09","modified_gmt":"2025-03-20T00:43:09","slug":"faq","status":"publish","type":"page","link":"https:\/\/skykamas.com\/index.php\/faq\/","title":{"rendered":"FAQ"},"content":{"rendered":"\t\t<div data-elementor-type=\"wp-page\" data-elementor-id=\"30\" class=\"elementor elementor-30\" data-elementor-post-type=\"page\">\n\t\t\t\t\t\t<section class=\"elementor-section elementor-top-section elementor-element elementor-element-14f6c18 elementor-section-boxed elementor-section-height-default elementor-section-height-default\" data-id=\"14f6c18\" data-element_type=\"section\" data-settings=\"{&quot;background_background&quot;:&quot;classic&quot;}\">\n\t\t\t\t\t\t<div class=\"elementor-container elementor-column-gap-default\">\n\t\t\t\t\t<div class=\"elementor-column elementor-col-100 elementor-top-column elementor-element elementor-element-f4da34c\" data-id=\"f4da34c\" data-element_type=\"column\" data-settings=\"{&quot;background_background&quot;:&quot;classic&quot;}\">\n\t\t\t<div class=\"elementor-widget-wrap elementor-element-populated\">\n\t\t\t\t\t\t<div class=\"elementor-element elementor-element-0629df2 animated-fast elementor-invisible elementor-widget elementor-widget-heading\" data-id=\"0629df2\" data-element_type=\"widget\" data-settings=\"{&quot;_animation&quot;:&quot;fadeIn&quot;}\" data-widget_type=\"heading.default\">\n\t\t\t\t<div class=\"elementor-widget-container\">\n\t\t\t\t\t<h2 class=\"elementor-heading-title elementor-size-default\">Preguntas Frecuentes<\/h2>\t\t\t\t<\/div>\n\t\t\t\t<\/div>\n\t\t\t\t<section class=\"elementor-section elementor-inner-section elementor-element elementor-element-580af48 elementor-section-boxed elementor-section-height-default elementor-section-height-default\" data-id=\"580af48\" data-element_type=\"section\">\n\t\t\t\t\t\t<div class=\"elementor-container elementor-column-gap-default\">\n\t\t\t\t\t<div class=\"elementor-column elementor-col-33 elementor-inner-column elementor-element elementor-element-7aabf20 animated-fast elementor-invisible\" data-id=\"7aabf20\" data-element_type=\"column\" data-settings=\"{&quot;background_background&quot;:&quot;classic&quot;,&quot;animation&quot;:&quot;fadeIn&quot;}\">\n\t\t\t<div class=\"elementor-widget-wrap elementor-element-populated\">\n\t\t\t\t\t\t<div class=\"elementor-element elementor-element-0715e33 elementor-widget elementor-widget-image\" data-id=\"0715e33\" data-element_type=\"widget\" data-widget_type=\"image.default\">\n\t\t\t\t<div class=\"elementor-widget-container\">\n\t\t\t\t\t\t\t\t\t\t\t\t\t\t\t<img decoding=\"async\" width=\"187\" height=\"241\" src=\"https:\/\/skykamas.com\/wp-content\/uploads\/2023\/03\/kmas1.webp\" class=\"attachment-large size-large wp-image-229\" alt=\"\" \/>\t\t\t\t\t\t\t\t\t\t\t\t\t\t\t<\/div>\n\t\t\t\t<\/div>\n\t\t\t\t<div class=\"elementor-element elementor-element-6aaac41 elementor-widget elementor-widget-text-editor\" data-id=\"6aaac41\" data-element_type=\"widget\" data-widget_type=\"text-editor.default\">\n\t\t\t\t<div class=\"elementor-widget-container\">\n\t\t\t\t\t\t\t\t\t<p><strong>Cuanto tiempo debo esperar la entrega despu\u00e9s del pago?<\/strong><\/p>\t\t\t\t\t\t\t\t<\/div>\n\t\t\t\t<\/div>\n\t\t\t\t<div class=\"elementor-element elementor-element-0c90e7a elementor-widget elementor-widget-text-editor\" data-id=\"0c90e7a\" data-element_type=\"widget\" data-widget_type=\"text-editor.default\">\n\t\t\t\t<div class=\"elementor-widget-container\">\n\t\t\t\t\t\t\t\t\t<p>Despu\u00e9s de recibir el pago, la entrega toma solo unos minutos. Nuestro equipo se pondr\u00e1 en contacto con usted lo antes posible, tambi\u00e9n puede comunicarse con el soporte para realizar un pedido y verificar la disponibilidad.<\/p>\t\t\t\t\t\t\t\t<\/div>\n\t\t\t\t<\/div>\n\t\t\t\t\t<\/div>\n\t\t<\/div>\n\t\t\t\t<div class=\"elementor-column elementor-col-33 elementor-inner-column elementor-element elementor-element-0a1fbdc\" data-id=\"0a1fbdc\" data-element_type=\"column\">\n\t\t\t<div class=\"elementor-widget-wrap\">\n\t\t\t\t\t\t\t<\/div>\n\t\t<\/div>\n\t\t\t\t<div class=\"elementor-column elementor-col-33 elementor-inner-column elementor-element elementor-element-a5557eb animated-fast elementor-invisible\" data-id=\"a5557eb\" data-element_type=\"column\" data-settings=\"{&quot;background_background&quot;:&quot;classic&quot;,&quot;animation&quot;:&quot;fadeIn&quot;}\">\n\t\t\t<div class=\"elementor-widget-wrap elementor-element-populated\">\n\t\t\t\t\t\t<div class=\"elementor-element elementor-element-5afe0a4 elementor-widget elementor-widget-image\" data-id=\"5afe0a4\" data-element_type=\"widget\" data-widget_type=\"image.default\">\n\t\t\t\t<div class=\"elementor-widget-container\">\n\t\t\t\t\t\t\t\t\t\t\t\t\t\t\t<img decoding=\"async\" width=\"187\" height=\"241\" src=\"https:\/\/skykamas.com\/wp-content\/uploads\/2023\/03\/kmas1.webp\" class=\"attachment-large size-large wp-image-229\" alt=\"\" \/>\t\t\t\t\t\t\t\t\t\t\t\t\t\t\t<\/div>\n\t\t\t\t<\/div>\n\t\t\t\t<div class=\"elementor-element elementor-element-21e990d elementor-widget elementor-widget-text-editor\" data-id=\"21e990d\" data-element_type=\"widget\" data-widget_type=\"text-editor.default\">\n\t\t\t\t<div class=\"elementor-widget-container\">\n\t\t\t\t\t\t\t\t\t<p><strong>C\u00f3mo obtendr\u00e9 mis Kamas?<\/strong><\/p>\t\t\t\t\t\t\t\t<\/div>\n\t\t\t\t<\/div>\n\t\t\t\t<div class=\"elementor-element elementor-element-f353069 elementor-widget elementor-widget-text-editor\" data-id=\"f353069\" data-element_type=\"widget\" data-widget_type=\"text-editor.default\">\n\t\t\t\t<div class=\"elementor-widget-container\">\n\t\t\t\t\t\t\t\t\t<p>Cuando su pedido est\u00e9 listo para la entrega, ver\u00e1 en la p\u00e1gina de su pedido la informaci\u00f3n de entrega, nuestro equipo se pondr\u00e1 en contacto y un agente se reunir\u00e1 con usted en el juego y le dar\u00e1 sus Kamas.<\/p>\t\t\t\t\t\t\t\t<\/div>\n\t\t\t\t<\/div>\n\t\t\t\t\t<\/div>\n\t\t<\/div>\n\t\t\t\t\t<\/div>\n\t\t<\/section>\n\t\t\t\t<section class=\"elementor-section elementor-inner-section elementor-element elementor-element-e9970dd elementor-section-boxed elementor-section-height-default elementor-section-height-default\" data-id=\"e9970dd\" data-element_type=\"section\">\n\t\t\t\t\t\t<div class=\"elementor-container elementor-column-gap-default\">\n\t\t\t\t\t<div class=\"elementor-column elementor-col-33 elementor-inner-column elementor-element elementor-element-10a0661 animated-fast elementor-invisible\" data-id=\"10a0661\" data-element_type=\"column\" data-settings=\"{&quot;background_background&quot;:&quot;classic&quot;,&quot;animation&quot;:&quot;fadeIn&quot;}\">\n\t\t\t<div class=\"elementor-widget-wrap elementor-element-populated\">\n\t\t\t\t\t\t<div class=\"elementor-element elementor-element-c8fb606 elementor-widget elementor-widget-image\" data-id=\"c8fb606\" data-element_type=\"widget\" data-widget_type=\"image.default\">\n\t\t\t\t<div class=\"elementor-widget-container\">\n\t\t\t\t\t\t\t\t\t\t\t\t\t\t\t<img decoding=\"async\" width=\"187\" height=\"241\" src=\"https:\/\/skykamas.com\/wp-content\/uploads\/2023\/03\/kmas1.webp\" class=\"attachment-large size-large wp-image-229\" alt=\"\" \/>\t\t\t\t\t\t\t\t\t\t\t\t\t\t\t<\/div>\n\t\t\t\t<\/div>\n\t\t\t\t<div class=\"elementor-element elementor-element-bacbf0c elementor-widget elementor-widget-text-editor\" data-id=\"bacbf0c\" data-element_type=\"widget\" data-widget_type=\"text-editor.default\">\n\t\t\t\t<div class=\"elementor-widget-container\">\n\t\t\t\t\t\t\t\t\t<p><strong>Estoy seguro?<\/strong><\/p>\t\t\t\t\t\t\t\t<\/div>\n\t\t\t\t<\/div>\n\t\t\t\t<div class=\"elementor-element elementor-element-71b99e0 elementor-widget elementor-widget-text-editor\" data-id=\"71b99e0\" data-element_type=\"widget\" data-widget_type=\"text-editor.default\">\n\t\t\t\t<div class=\"elementor-widget-container\">\n\t\t\t\t\t\t\t\t\t<p>Nuestro sistema de entrega es 100% seguro, miles de pedidos entregados, ninguno de nuestros usuarios ha tenido alg\u00fan problema.<\/p>\t\t\t\t\t\t\t\t<\/div>\n\t\t\t\t<\/div>\n\t\t\t\t\t<\/div>\n\t\t<\/div>\n\t\t\t\t<div class=\"elementor-column elementor-col-33 elementor-inner-column elementor-element elementor-element-e9ff8c4\" data-id=\"e9ff8c4\" data-element_type=\"column\">\n\t\t\t<div class=\"elementor-widget-wrap\">\n\t\t\t\t\t\t\t<\/div>\n\t\t<\/div>\n\t\t\t\t<div class=\"elementor-column elementor-col-33 elementor-inner-column elementor-element elementor-element-4009c9b animated-fast elementor-invisible\" data-id=\"4009c9b\" data-element_type=\"column\" data-settings=\"{&quot;background_background&quot;:&quot;classic&quot;,&quot;animation&quot;:&quot;fadeIn&quot;}\">\n\t\t\t<div class=\"elementor-widget-wrap elementor-element-populated\">\n\t\t\t\t\t\t<div class=\"elementor-element elementor-element-08a1bf4 elementor-widget elementor-widget-image\" data-id=\"08a1bf4\" data-element_type=\"widget\" data-widget_type=\"image.default\">\n\t\t\t\t<div class=\"elementor-widget-container\">\n\t\t\t\t\t\t\t\t\t\t\t\t\t\t\t<img decoding=\"async\" width=\"187\" height=\"241\" src=\"https:\/\/skykamas.com\/wp-content\/uploads\/2023\/03\/kmas1.webp\" class=\"attachment-large size-large wp-image-229\" alt=\"\" \/>\t\t\t\t\t\t\t\t\t\t\t\t\t\t\t<\/div>\n\t\t\t\t<\/div>\n\t\t\t\t<div class=\"elementor-element elementor-element-b34075f elementor-widget elementor-widget-text-editor\" data-id=\"b34075f\" data-element_type=\"widget\" data-widget_type=\"text-editor.default\">\n\t\t\t\t<div class=\"elementor-widget-container\">\n\t\t\t\t\t\t\t\t\t<p><strong>C\u00f3mo hacer un pedido?<\/strong><\/p>\t\t\t\t\t\t\t\t<\/div>\n\t\t\t\t<\/div>\n\t\t\t\t<div class=\"elementor-element elementor-element-fb59ca8 elementor-widget elementor-widget-text-editor\" data-id=\"fb59ca8\" data-element_type=\"widget\" data-widget_type=\"text-editor.default\">\n\t\t\t\t<div class=\"elementor-widget-container\">\n\t\t\t\t\t\t\t\t\t<p>Primeramente, debes de crearte una cuenta en Sky Digitsl Store, si ya tiene una, puede iniciar sesi\u00f3n en su cuenta, debe de elegir el servidor y la cantidad de Kamas que desea comprar, finalice el pago y luego obtendr\u00e1 una p\u00e1gina para rastrear su pedido, en pocos minutos nuestro equipo se pondr\u00e1 en contacto y recibir\u00e1 la informaci\u00f3n de entrega.<\/p>\t\t\t\t\t\t\t\t<\/div>\n\t\t\t\t<\/div>\n\t\t\t\t\t<\/div>\n\t\t<\/div>\n\t\t\t\t\t<\/div>\n\t\t<\/section>\n\t\t\t\t<section class=\"elementor-section elementor-inner-section elementor-element elementor-element-1bb3aed elementor-section-boxed elementor-section-height-default elementor-section-height-default\" data-id=\"1bb3aed\" data-element_type=\"section\">\n\t\t\t\t\t\t<div class=\"elementor-container elementor-column-gap-default\">\n\t\t\t\t\t<div class=\"elementor-column elementor-col-100 elementor-inner-column elementor-element elementor-element-7b23e7d animated-fast elementor-invisible\" data-id=\"7b23e7d\" data-element_type=\"column\" data-settings=\"{&quot;background_background&quot;:&quot;classic&quot;,&quot;animation&quot;:&quot;fadeIn&quot;}\">\n\t\t\t<div class=\"elementor-widget-wrap elementor-element-populated\">\n\t\t\t\t\t\t<div class=\"elementor-element elementor-element-f6890d2 elementor-widget elementor-widget-image\" data-id=\"f6890d2\" data-element_type=\"widget\" data-widget_type=\"image.default\">\n\t\t\t\t<div class=\"elementor-widget-container\">\n\t\t\t\t\t\t\t\t\t\t\t\t\t\t\t<img decoding=\"async\" width=\"187\" height=\"241\" src=\"https:\/\/skykamas.com\/wp-content\/uploads\/2023\/03\/kmas1.webp\" class=\"attachment-large size-large wp-image-229\" alt=\"\" \/>\t\t\t\t\t\t\t\t\t\t\t\t\t\t\t<\/div>\n\t\t\t\t<\/div>\n\t\t\t\t<div class=\"elementor-element elementor-element-7bbbb5e elementor-widget elementor-widget-text-editor\" data-id=\"7bbbb5e\" data-element_type=\"widget\" data-widget_type=\"text-editor.default\">\n\t\t\t\t<div class=\"elementor-widget-container\">\n\t\t\t\t\t\t\t\t\t<p><strong>Que pasa si creo un pedido con el nombre del personaje incorrecto?<\/strong><\/p>\t\t\t\t\t\t\t\t<\/div>\n\t\t\t\t<\/div>\n\t\t\t\t<div class=\"elementor-element elementor-element-c124b49 elementor-widget elementor-widget-text-editor\" data-id=\"c124b49\" data-element_type=\"widget\" data-widget_type=\"text-editor.default\">\n\t\t\t\t<div class=\"elementor-widget-container\">\n\t\t\t\t\t\t\t\t\t<p>P\u00f3ngase en contacto con nuestro soporte en l\u00ednea para confirmar el nombre correcto de su personaje antes de que se entregue su pedido. No nos hacemos responsables por las p\u00e9rdidas causadas por el nombre incorrecto del personaje del juego en su pedido.<\/p>\t\t\t\t\t\t\t\t<\/div>\n\t\t\t\t<\/div>\n\t\t\t\t\t<\/div>\n\t\t<\/div>\n\t\t\t\t\t<\/div>\n\t\t<\/section>\n\t\t\t\t<section class=\"elementor-section elementor-inner-section elementor-element elementor-element-f68e7d8 elementor-section-boxed elementor-section-height-default elementor-section-height-default\" data-id=\"f68e7d8\" data-element_type=\"section\">\n\t\t\t\t\t\t<div class=\"elementor-container elementor-column-gap-default\">\n\t\t\t\t\t<div class=\"elementor-column elementor-col-100 elementor-inner-column elementor-element elementor-element-67c7d4d animated-fast elementor-invisible\" data-id=\"67c7d4d\" data-element_type=\"column\" data-settings=\"{&quot;background_background&quot;:&quot;classic&quot;,&quot;animation&quot;:&quot;fadeIn&quot;}\">\n\t\t\t<div class=\"elementor-widget-wrap\">\n\t\t\t\t\t\t\t<\/div>\n\t\t<\/div>\n\t\t\t\t\t<\/div>\n\t\t<\/section>\n\t\t\t\t\t<\/div>\n\t\t<\/div>\n\t\t\t\t\t<\/div>\n\t\t<\/section>\n\t\t\t\t<\/div>\n\t\t","protected":false},"excerpt":{"rendered":"<p>Preguntas Frecuentes Cuanto tiempo debo esperar la entrega despu\u00e9s del pago? Despu\u00e9s de recibir el pago, la entrega toma solo unos minutos. Nuestro equipo se pondr\u00e1 en contacto con usted lo antes posible, tambi\u00e9n puede comunicarse con el soporte para realizar un pedido y verificar la disponibilidad. C\u00f3mo obtendr\u00e9 mis Kamas? Cuando su pedido est\u00e9 [&hellip;]<\/p>\n","protected":false},"author":1,"featured_media":0,"parent":0,"menu_order":0,"comment_status":"closed","ping_status":"closed","template":"","meta":{"site-sidebar-layout":"no-sidebar","site-content-layout":"page-builder","ast-site-content-layout":"","site-content-style":"default","site-sidebar-style":"default","ast-global-header-display":"","ast-banner-title-visibility":"","ast-main-header-display":"","ast-hfb-above-header-display":"","ast-hfb-below-header-display":"","ast-hfb-mobile-header-display":"","site-post-title":"disabled","ast-breadcrumbs-content":"","ast-featured-img":"disabled","footer-sml-layout":"","theme-transparent-header-meta":"","adv-header-id-meta":"","stick-header-meta":"","header-above-stick-meta":"","header-main-stick-meta":"","header-below-stick-meta":"","astra-migrate-meta-layouts":"default","ast-page-background-enabled":"default","ast-page-background-meta":{"desktop":{"background-color":"var(--ast-global-color-4)","background-image":"","background-repeat":"repeat","background-position":"center center","background-size":"auto","background-attachment":"scroll","background-type":"","background-media":"","overlay-type":"","overlay-color":"","overlay-opacity":"","overlay-gradient":""},"tablet":{"background-color":"","background-image":"","background-repeat":"repeat","background-position":"center center","background-size":"auto","background-attachment":"scroll","background-type":"","background-media":"","overlay-type":"","overlay-color":"","overlay-opacity":"","overlay-gradient":""},"mobile":{"background-color":"","background-image":"","background-repeat":"repeat","background-position":"center center","background-size":"auto","background-attachment":"scroll","background-type":"","background-media":"","overlay-type":"","overlay-color":"","overlay-opacity":"","overlay-gradient":""}},"ast-content-background-meta":{"desktop":{"background-color":"var(--ast-global-color-5)","background-image":"","background-repeat":"repeat","background-position":"center center","background-size":"auto","background-attachment":"scroll","background-type":"","background-media":"","overlay-type":"","overlay-color":"","overlay-opacity":"","overlay-gradient":""},"tablet":{"background-color":"var(--ast-global-color-5)","background-image":"","background-repeat":"repeat","background-position":"center center","background-size":"auto","background-attachment":"scroll","background-type":"","background-media":"","overlay-type":"","overlay-color":"","overlay-opacity":"","overlay-gradient":""},"mobile":{"background-color":"var(--ast-global-color-5)","background-image":"","background-repeat":"repeat","background-position":"center center","background-size":"auto","background-attachment":"scroll","background-type":"","background-media":"","overlay-type":"","overlay-color":"","overlay-opacity":"","overlay-gradient":""}},"footnotes":""},"class_list":["post-30","page","type-page","status-publish","hentry"],"yoast_head":"<!-- This site is optimized with the Yoast SEO Premium plugin v20.7 (Yoast SEO v25.2) - https:\/\/yoast.com\/wordpress\/plugins\/seo\/ -->\n<title>FAQ - Sky Digital Store - Comprar Kamas para Dofus<\/title>\n<meta name=\"description\" content=\"Sky Digital Store Comprar Kamas Dofus al precio m\u00e1s bajo, con entregas r\u00e1pidas y seguras, para Dofus, Dofus Retro y Dofus Touch\" \/>\n<meta name=\"robots\" content=\"index, follow, max-snippet:-1, max-image-preview:large, max-video-preview:-1\" \/>\n<link rel=\"canonical\" href=\"https:\/\/skykamas.com\/index.php\/faq\/\" \/>\n<meta property=\"og:locale\" content=\"es_ES\" \/>\n<meta property=\"og:type\" content=\"article\" \/>\n<meta property=\"og:title\" content=\"FAQ\" \/>\n<meta property=\"og:description\" content=\"Sky Digital Store Comprar Kamas Dofus al precio m\u00e1s bajo, con entregas r\u00e1pidas y seguras, para Dofus, Dofus Retro y Dofus Touch\" \/>\n<meta property=\"og:url\" content=\"https:\/\/skykamas.com\/index.php\/faq\/\" \/>\n<meta property=\"og:site_name\" content=\"Sky Digital Store - Comprar Kamas para Dofus\" \/>\n<meta property=\"article:publisher\" content=\"https:\/\/www.facebook.com\/SkyKamas\" \/>\n<meta property=\"article:modified_time\" content=\"2025-03-20T00:43:09+00:00\" \/>\n<meta property=\"og:image\" content=\"https:\/\/skykamas.com\/wp-content\/uploads\/2023\/03\/kmas1.webp\" \/>\n\t<meta property=\"og:image:width\" content=\"187\" \/>\n\t<meta property=\"og:image:height\" content=\"241\" \/>\n\t<meta property=\"og:image:type\" content=\"image\/webp\" \/>\n<meta name=\"twitter:card\" content=\"summary_large_image\" \/>\n<meta name=\"twitter:label1\" content=\"Tiempo de lectura\" \/>\n\t<meta name=\"twitter:data1\" content=\"3 minutos\" \/>\n<script type=\"application\/ld+json\" class=\"yoast-schema-graph\">{\"@context\":\"https:\/\/schema.org\",\"@graph\":[{\"@type\":\"WebPage\",\"@id\":\"https:\/\/skykamas.com\/index.php\/faq\/\",\"url\":\"https:\/\/skykamas.com\/index.php\/faq\/\",\"name\":\"FAQ - Sky Digital Store - Comprar Kamas para Dofus\",\"isPartOf\":{\"@id\":\"https:\/\/skykamas.com\/#website\"},\"primaryImageOfPage\":{\"@id\":\"https:\/\/skykamas.com\/index.php\/faq\/#primaryimage\"},\"image\":{\"@id\":\"https:\/\/skykamas.com\/index.php\/faq\/#primaryimage\"},\"thumbnailUrl\":\"https:\/\/skykamas.com\/wp-content\/uploads\/2023\/03\/kmas1.webp\",\"datePublished\":\"2023-03-08T17:23:04+00:00\",\"dateModified\":\"2025-03-20T00:43:09+00:00\",\"description\":\"Sky Digital Store Comprar Kamas Dofus al precio m\u00e1s bajo, con entregas r\u00e1pidas y seguras, para Dofus, Dofus Retro y Dofus Touch\",\"breadcrumb\":{\"@id\":\"https:\/\/skykamas.com\/index.php\/faq\/#breadcrumb\"},\"inLanguage\":\"es\",\"potentialAction\":[{\"@type\":\"ReadAction\",\"target\":[\"https:\/\/skykamas.com\/index.php\/faq\/\"]}]},{\"@type\":\"ImageObject\",\"inLanguage\":\"es\",\"@id\":\"https:\/\/skykamas.com\/index.php\/faq\/#primaryimage\",\"url\":\"https:\/\/skykamas.com\/wp-content\/uploads\/2023\/03\/kmas1.webp\",\"contentUrl\":\"https:\/\/skykamas.com\/wp-content\/uploads\/2023\/03\/kmas1.webp\",\"width\":187,\"height\":241},{\"@type\":\"BreadcrumbList\",\"@id\":\"https:\/\/skykamas.com\/index.php\/faq\/#breadcrumb\",\"itemListElement\":[{\"@type\":\"ListItem\",\"position\":1,\"name\":\"Home\",\"item\":\"https:\/\/skykamas.com\/\"},{\"@type\":\"ListItem\",\"position\":2,\"name\":\"FAQ\"}]},{\"@type\":\"WebSite\",\"@id\":\"https:\/\/skykamas.com\/#website\",\"url\":\"https:\/\/skykamas.com\/\",\"name\":\"Dofus Kamas Sky Digital Store\",\"description\":\"Comprar Kamas Dofus - Dofus Retro, Dofus Touch, Dofus Classic - Sky Digital Store Kamas al precio m\u00e1s bajo, entregas r\u00e1pidas y confiables.\",\"publisher\":{\"@id\":\"https:\/\/skykamas.com\/#organization\"},\"potentialAction\":[{\"@type\":\"SearchAction\",\"target\":{\"@type\":\"EntryPoint\",\"urlTemplate\":\"https:\/\/skykamas.com\/?s={search_term_string}\"},\"query-input\":{\"@type\":\"PropertyValueSpecification\",\"valueRequired\":true,\"valueName\":\"search_term_string\"}}],\"inLanguage\":\"es\"},{\"@type\":\"Organization\",\"@id\":\"https:\/\/skykamas.com\/#organization\",\"name\":\"Sky Digital Store\",\"url\":\"https:\/\/skykamas.com\/\",\"logo\":{\"@type\":\"ImageObject\",\"inLanguage\":\"es\",\"@id\":\"https:\/\/skykamas.com\/#\/schema\/logo\/image\/\",\"url\":\"https:\/\/skykamas.com\/wp-content\/uploads\/2023\/05\/Logoedit.webp\",\"contentUrl\":\"https:\/\/skykamas.com\/wp-content\/uploads\/2023\/05\/Logoedit.webp\",\"width\":460,\"height\":512,\"caption\":\"Sky Digital Store\"},\"image\":{\"@id\":\"https:\/\/skykamas.com\/#\/schema\/logo\/image\/\"},\"sameAs\":[\"https:\/\/www.facebook.com\/SkyKamas\"]}]}<\/script>\n<!-- \/ Yoast SEO Premium plugin. -->","yoast_head_json":{"title":"FAQ - Sky Digital Store - Comprar Kamas para Dofus","description":"Sky Digital Store Comprar Kamas Dofus al precio m\u00e1s bajo, con entregas r\u00e1pidas y seguras, para Dofus, Dofus Retro y Dofus Touch","robots":{"index":"index","follow":"follow","max-snippet":"max-snippet:-1","max-image-preview":"max-image-preview:large","max-video-preview":"max-video-preview:-1"},"canonical":"https:\/\/skykamas.com\/index.php\/faq\/","og_locale":"es_ES","og_type":"article","og_title":"FAQ","og_description":"Sky Digital Store Comprar Kamas Dofus al precio m\u00e1s bajo, con entregas r\u00e1pidas y seguras, para Dofus, Dofus Retro y Dofus Touch","og_url":"https:\/\/skykamas.com\/index.php\/faq\/","og_site_name":"Sky Digital Store - Comprar Kamas para Dofus","article_publisher":"https:\/\/www.facebook.com\/SkyKamas","article_modified_time":"2025-03-20T00:43:09+00:00","og_image":[{"width":187,"height":241,"url":"https:\/\/skykamas.com\/wp-content\/uploads\/2023\/03\/kmas1.webp","type":"image\/webp"}],"twitter_card":"summary_large_image","twitter_misc":{"Tiempo de lectura":"3 minutos"},"schema":{"@context":"https:\/\/schema.org","@graph":[{"@type":"WebPage","@id":"https:\/\/skykamas.com\/index.php\/faq\/","url":"https:\/\/skykamas.com\/index.php\/faq\/","name":"FAQ - Sky Digital Store - Comprar Kamas para Dofus","isPartOf":{"@id":"https:\/\/skykamas.com\/#website"},"primaryImageOfPage":{"@id":"https:\/\/skykamas.com\/index.php\/faq\/#primaryimage"},"image":{"@id":"https:\/\/skykamas.com\/index.php\/faq\/#primaryimage"},"thumbnailUrl":"https:\/\/skykamas.com\/wp-content\/uploads\/2023\/03\/kmas1.webp","datePublished":"2023-03-08T17:23:04+00:00","dateModified":"2025-03-20T00:43:09+00:00","description":"Sky Digital Store Comprar Kamas Dofus al precio m\u00e1s bajo, con entregas r\u00e1pidas y seguras, para Dofus, Dofus Retro y Dofus Touch","breadcrumb":{"@id":"https:\/\/skykamas.com\/index.php\/faq\/#breadcrumb"},"inLanguage":"es","potentialAction":[{"@type":"ReadAction","target":["https:\/\/skykamas.com\/index.php\/faq\/"]}]},{"@type":"ImageObject","inLanguage":"es","@id":"https:\/\/skykamas.com\/index.php\/faq\/#primaryimage","url":"https:\/\/skykamas.com\/wp-content\/uploads\/2023\/03\/kmas1.webp","contentUrl":"https:\/\/skykamas.com\/wp-content\/uploads\/2023\/03\/kmas1.webp","width":187,"height":241},{"@type":"BreadcrumbList","@id":"https:\/\/skykamas.com\/index.php\/faq\/#breadcrumb","itemListElement":[{"@type":"ListItem","position":1,"name":"Home","item":"https:\/\/skykamas.com\/"},{"@type":"ListItem","position":2,"name":"FAQ"}]},{"@type":"WebSite","@id":"https:\/\/skykamas.com\/#website","url":"https:\/\/skykamas.com\/","name":"Dofus Kamas Sky Digital Store","description":"Comprar Kamas Dofus - Dofus Retro, Dofus Touch, Dofus Classic - Sky Digital Store Kamas al precio m\u00e1s bajo, entregas r\u00e1pidas y confiables.","publisher":{"@id":"https:\/\/skykamas.com\/#organization"},"potentialAction":[{"@type":"SearchAction","target":{"@type":"EntryPoint","urlTemplate":"https:\/\/skykamas.com\/?s={search_term_string}"},"query-input":{"@type":"PropertyValueSpecification","valueRequired":true,"valueName":"search_term_string"}}],"inLanguage":"es"},{"@type":"Organization","@id":"https:\/\/skykamas.com\/#organization","name":"Sky Digital Store","url":"https:\/\/skykamas.com\/","logo":{"@type":"ImageObject","inLanguage":"es","@id":"https:\/\/skykamas.com\/#\/schema\/logo\/image\/","url":"https:\/\/skykamas.com\/wp-content\/uploads\/2023\/05\/Logoedit.webp","contentUrl":"https:\/\/skykamas.com\/wp-content\/uploads\/2023\/05\/Logoedit.webp","width":460,"height":512,"caption":"Sky Digital Store"},"image":{"@id":"https:\/\/skykamas.com\/#\/schema\/logo\/image\/"},"sameAs":["https:\/\/www.facebook.com\/SkyKamas"]}]}},"_links":{"self":[{"href":"https:\/\/skykamas.com\/index.php\/wp-json\/wp\/v2\/pages\/30","targetHints":{"allow":["GET"]}}],"collection":[{"href":"https:\/\/skykamas.com\/index.php\/wp-json\/wp\/v2\/pages"}],"about":[{"href":"https:\/\/skykamas.com\/index.php\/wp-json\/wp\/v2\/types\/page"}],"author":[{"embeddable":true,"href":"https:\/\/skykamas.com\/index.php\/wp-json\/wp\/v2\/users\/1"}],"replies":[{"embeddable":true,"href":"https:\/\/skykamas.com\/index.php\/wp-json\/wp\/v2\/comments?post=30"}],"version-history":[{"count":16,"href":"https:\/\/skykamas.com\/index.php\/wp-json\/wp\/v2\/pages\/30\/revisions"}],"predecessor-version":[{"id":4270,"href":"https:\/\/skykamas.com\/index.php\/wp-json\/wp\/v2\/pages\/30\/revisions\/4270"}],"wp:attachment":[{"href":"https:\/\/skykamas.com\/index.php\/wp-json\/wp\/v2\/media?parent=30"}],"curies":[{"name":"wp","href":"https:\/\/api.w.org\/{rel}","templated":true}]}}